{"id":116,"date":"2016-04-01T13:36:18","date_gmt":"2016-04-01T11:36:18","guid":{"rendered":"http:\/\/www.sobek-mattern.de\/?page_id=116"},"modified":"2016-04-01T14:26:19","modified_gmt":"2016-04-01T12:26:19","slug":"dokumente","status":"publish","type":"page","link":"https:\/\/www.sobek-mattern.de\/?page_id=116","title":{"rendered":"Dokumente"},"content":{"rendered":"<p>Hier einige PDF Dateien zum Download<\/p>\n<ol>\n<li><a href=\"https:\/\/www.sobek-mattern.de\/wp-content\/uploads\/2016\/04\/Testbetrieb_Anweisung_v.02-hpgx-.pdf\" rel=\"\">Testbetrieb_Anweisung_v.02-hpgx-<\/a><\/li>\n<li><a href=\"https:\/\/www.sobek-mattern.de\/wp-content\/uploads\/2016\/04\/Riedel_St\u00f6rungen_Babelsberg02-hpgx-.pdf\" rel=\"\">Riedel_St\u00f6rungen_Babelsberg02-hpgx-<\/a><\/li>\n<li><a href=\"https:\/\/www.sobek-mattern.de\/wp-content\/uploads\/2016\/04\/Riedel_St\u00f6rungen_Sagan-hpgx-.pdf\" rel=\"\">Riedel_St\u00f6rungen_Sagan-hpgx-<\/a><\/li>\n<li><a href=\"https:\/\/www.sobek-mattern.de\/wp-content\/uploads\/2016\/04\/RBA-S10_Techischer_Erfahrungsbericht-hpgx.pdf\" rel=\"\">RBA-S10_Techischer_Erfahrungsbericht-hpgx<\/a><\/li>\n<li><a href=\"https:\/\/www.sobek-mattern.de\/wp-content\/uploads\/2016\/04\/Riedel_St\u00f6rungen_Babelsberg01-hpgx-.pdf\" rel=\"\">Riedel_St\u00f6rungen_Babelsberg01-hpgx-<\/a><\/li>\n<li><a href=\"https:\/\/www.sobek-mattern.de\/wp-content\/uploads\/2016\/04\/RBA-S10_Ger\u00e4tebeschreibung-hpgx-.pdf\" rel=\"\">RBA-S10_Ger\u00e4tebeschreibung-hpgx-<\/a><\/li>\n<li><a href=\"https:\/\/www.sobek-mattern.de\/wp-content\/uploads\/2016\/04\/RBA-S10_Sr\u00f6rungen_01-hpgx-.pdf\" rel=\"\">RBA-S10_Sr\u00f6rungen_01-hpgx-<\/a><\/li>\n<li><a href=\"https:\/\/www.sobek-mattern.de\/wp-content\/uploads\/2016\/04\/RBA_F10_Motor_Beschreibung-hpgx-.pdf\" rel=\"\">RBA_F10_Motor_Beschreibung-hpgx-<\/a><\/li>\n<li><a href=\"https:\/\/www.sobek-mattern.de\/wp-content\/uploads\/2016\/04\/Norbert_Riedel_RBA-S10_Betrachtung-hpgx-.pdf\" rel=\"\">Norbert_Riedel_RBA-S10_Betrachtung-hpgx-<\/a><\/li>\n<li><a href=\"https:\/\/www.sobek-mattern.de\/wp-content\/uploads\/2016\/04\/Motor_Steckbrief_BS01-hpgx-.pdf\" rel=\"\">Motor_Steckbrief_BS01-hpgx-<\/a><\/li>\n<li><a href=\"https:\/\/www.sobek-mattern.de\/wp-content\/uploads\/2016\/04\/Betriebsvorschrift_RBAS_02-hpgx-.pdf\" rel=\"\">Betriebsvorschrift_RBAS_02-hpgx-<\/a><\/li>\n<li><a href=\"https:\/\/www.sobek-mattern.de\/wp-content\/uploads\/2016\/04\/Ardie_Motor_Versuch-hpgx-.pdf\" rel=\"\">Ardie_Motor_Versuch-hpgx-<\/a><\/li>\n<\/ol>\n","protected":false},"excerpt":{"rendered":"<p>Hier einige PDF Dateien zum Download Testbetrieb_Anweisung_v.02-hpgx- Riedel_St\u00f6rungen_Babelsberg02-hpgx- Riedel_St\u00f6rungen_Sagan-hpgx- RBA-S10_Techischer_Erfahrungsbericht-hpgx Riedel_St\u00f6rungen_Babelsberg01-hpgx- RBA-S10_Ger\u00e4tebeschreibung-hpgx- RBA-S10_Sr\u00f6rungen_01-hpgx- RBA_F10_Motor_Beschreibung-hpgx- Norbert_Riedel_RBA-S10_Betrachtung-hpgx- Motor_Steckbrief_BS01-hpgx- Betriebsvorschrift_RBAS_02-hpgx- Ardie_Motor_Versuch-hpgx-<\/p>\n","protected":false},"author":1,"featured_media":0,"parent":0,"menu_order":1,"comment_status":"closed","ping_status":"closed","template":"","meta":{"footnotes":""},"class_list":["post-116","page","type-page","status-publish","hentry"],"_links":{"self":[{"href":"https:\/\/www.sobek-mattern.de\/index.php?rest_route=\/wp\/v2\/pages\/116","targetHints":{"allow":["GET"]}}],"collection":[{"href":"https:\/\/www.sobek-mattern.de\/index.php?rest_route=\/wp\/v2\/pages"}],"about":[{"href":"https:\/\/www.sobek-mattern.de\/index.php?rest_route=\/wp\/v2\/types\/page"}],"author":[{"embeddable":true,"href":"https:\/\/www.sobek-mattern.de\/index.php?rest_route=\/wp\/v2\/users\/1"}],"replies":[{"embeddable":true,"href":"https:\/\/www.sobek-mattern.de\/index.php?rest_route=%2Fwp%2Fv2%2Fcomments&post=116"}],"version-history":[{"count":11,"href":"https:\/\/www.sobek-mattern.de\/index.php?rest_route=\/wp\/v2\/pages\/116\/revisions"}],"predecessor-version":[{"id":173,"href":"https:\/\/www.sobek-mattern.de\/index.php?rest_route=\/wp\/v2\/pages\/116\/revisions\/173"}],"wp:attachment":[{"href":"https:\/\/www.sobek-mattern.de\/index.php?rest_route=%2Fwp%2Fv2%2Fmedia&parent=116"}],"curies":[{"name":"wp","href":"https:\/\/api.w.org\/{rel}","templated":true}]}}