{"id":189,"date":"2016-04-01T14:51:26","date_gmt":"2016-04-01T12:51:26","guid":{"rendered":"http:\/\/www.sobek-mattern.de\/?page_id=189"},"modified":"2016-04-01T14:51:26","modified_gmt":"2016-04-01T12:51:26","slug":"datenblaetter","status":"publish","type":"page","link":"https:\/\/www.sobek-mattern.de\/?page_id=189","title":{"rendered":"Datenbl\u00e4tter"},"content":{"rendered":"<p>Hier einige Datenbl\u00e4tter<\/p>\n<ol>\n<li><a href=\"https:\/\/www.sobek-mattern.de\/wp-content\/uploads\/2016\/04\/Z\u00fcndgeschirr-01.pdf\" rel=\"\">Z\u00fcndgeschirr-01<\/a><\/li>\n<li><a href=\"https:\/\/www.sobek-mattern.de\/wp-content\/uploads\/2016\/04\/Simmering_Einzel01.pdf\" rel=\"\">Simmering_Einzel01<\/a><\/li>\n<li><a href=\"https:\/\/www.sobek-mattern.de\/wp-content\/uploads\/2016\/04\/Simmerring_Doppel01.pdf\" rel=\"\">Simmerring_Doppel01<\/a><\/li>\n<li><a href=\"https:\/\/www.sobek-mattern.de\/wp-content\/uploads\/2016\/04\/Riedel_F10_Motor.pdf\" rel=\"\">Riedel_F10_Motor<\/a><\/li>\n<li><a href=\"https:\/\/www.sobek-mattern.de\/wp-content\/uploads\/2016\/04\/Luftfilter_Auf\u00fchrungen01.pdf\" rel=\"\">Luftfilter_Auf\u00fchrungen01<\/a><\/li>\n<li><a href=\"https:\/\/www.sobek-mattern.de\/wp-content\/uploads\/2016\/04\/Klaue_\u00fcber_Prisma01.pdf\" rel=\"\">Klaue_\u00fcber_Prisma01<\/a><\/li>\n<li><a href=\"https:\/\/www.sobek-mattern.de\/wp-content\/uploads\/2016\/04\/Klaue_Pneumatisch01.pdf\" rel=\"\">Klaue_Pneumatisch01<\/a><\/li>\n<li><a href=\"https:\/\/www.sobek-mattern.de\/wp-content\/uploads\/2016\/04\/Klaue_Mechanisch01.pdf\" rel=\"\">Klaue_Mechanisch01<\/a><\/li>\n<li><a href=\"https:\/\/www.sobek-mattern.de\/wp-content\/uploads\/2016\/04\/Kabelbaum_vorne_Verlegung01.pdf\" rel=\"\">Kabelbaum_vorne_Verlegung01<\/a><\/li>\n<li><a href=\"https:\/\/www.sobek-mattern.de\/wp-content\/uploads\/2016\/04\/Kabel_vorne_Laufplan01-hpgx-.pdf\" rel=\"\">Kabel_vorne_Laufplan01-hpgx-<\/a><\/li>\n<li><a href=\"https:\/\/www.sobek-mattern.de\/wp-content\/uploads\/2016\/04\/Getriebe_Kraftfluss01.pdf\" rel=\"\">Getriebe_Kraftfluss01<\/a><\/li>\n<li><a href=\"https:\/\/www.sobek-mattern.de\/wp-content\/uploads\/2016\/04\/Elektrik_Innen_vorne-02.pdf\" rel=\"\">Elektrik_Innen_vorne-02<\/a><\/li>\n<li><a href=\"https:\/\/www.sobek-mattern.de\/wp-content\/uploads\/2016\/04\/Anlasser-Einbau01.pdf\" rel=\"\">Anlasser-Einbau01<\/a><\/li>\n<li><a href=\"https:\/\/www.sobek-mattern.de\/wp-content\/uploads\/2016\/04\/Anschlusskasten_Belegung01.pdf\" rel=\"\">Anschlusskasten_Belegung01<\/a><\/li>\n<\/ol>\n","protected":false},"excerpt":{"rendered":"<p>Hier einige Datenbl\u00e4tter Z\u00fcndgeschirr-01 Simmering_Einzel01 Simmerring_Doppel01 Riedel_F10_Motor Luftfilter_Auf\u00fchrungen01 Klaue_\u00fcber_Prisma01 Klaue_Pneumatisch01 Klaue_Mechanisch01 Kabelbaum_vorne_Verlegung01 Kabel_vorne_Laufplan01-hpgx- Getriebe_Kraftfluss01 Elektrik_Innen_vorne-02 Anlasser-Einbau01 Anschlusskasten_Belegung01<\/p>\n","protected":false},"author":1,"featured_media":0,"parent":44,"menu_order":0,"comment_status":"closed","ping_status":"closed","template":"","meta":{"footnotes":""},"class_list":["post-189","page","type-page","status-publish","hentry"],"_links":{"self":[{"href":"https:\/\/www.sobek-mattern.de\/index.php?rest_route=\/wp\/v2\/pages\/189","targetHints":{"allow":["GET"]}}],"collection":[{"href":"https:\/\/www.sobek-mattern.de\/index.php?rest_route=\/wp\/v2\/pages"}],"about":[{"href":"https:\/\/www.sobek-mattern.de\/index.php?rest_route=\/wp\/v2\/types\/page"}],"author":[{"embeddable":true,"href":"https:\/\/www.sobek-mattern.de\/index.php?rest_route=\/wp\/v2\/users\/1"}],"replies":[{"embeddable":true,"href":"https:\/\/www.sobek-mattern.de\/index.php?rest_route=%2Fwp%2Fv2%2Fcomments&post=189"}],"version-history":[{"count":1,"href":"https:\/\/www.sobek-mattern.de\/index.php?rest_route=\/wp\/v2\/pages\/189\/revisions"}],"predecessor-version":[{"id":190,"href":"https:\/\/www.sobek-mattern.de\/index.php?rest_route=\/wp\/v2\/pages\/189\/revisions\/190"}],"up":[{"embeddable":true,"href":"https:\/\/www.sobek-mattern.de\/index.php?rest_route=\/wp\/v2\/pages\/44"}],"wp:attachment":[{"href":"https:\/\/www.sobek-mattern.de\/index.php?rest_route=%2Fwp%2Fv2%2Fmedia&parent=189"}],"curies":[{"name":"wp","href":"https:\/\/api.w.org\/{rel}","templated":true}]}}