{"id":2,"date":"2014-04-07T10:58:21","date_gmt":"2014-04-07T10:58:21","guid":{"rendered":"http:\/\/www.sobek-mattern.de\/?page_id=2"},"modified":"2021-08-08T03:18:51","modified_gmt":"2021-08-08T01:18:51","slug":"beispiel-seite","status":"publish","type":"page","link":"https:\/\/www.sobek-mattern.de\/","title":{"rendered":"Riedel Startermotor \/ Anlassermotor Me 262 Jumo 004"},"content":{"rendered":"<p style=\"text-align: center;\">Der Riedel Anlasser Motor, der die Triebwerke der Me 262 auf die Startdrehzahl 1200U\/min gebracht hat, stellt f\u00fcr damalige und heutige Zeiten eine einmalig ausgekl\u00fcgelte Konstruktion dar. Die Ausf\u00fchrung des Aluminium Gu\u00dfverfahrens in seiner Qualit\u00e4t gilt f\u00fcr diese Zeit, 1940er Jahre, als sensationell.<br \/>\nAls Kfz.-Meister und leidenschaftlicher Motorenmann ist es f\u00fcr mich eine gro\u00dfe Herausforderung geworden, diese Motoren zu sammeln und instandzusetzen.<br \/>\nMit der Weile besitze ich 11 Riedel Anlasser-Motoren<br \/>\nvon denen 6 St\u00fcck perfekt laufen und auch von mir in Betrieb genommen werden.<br \/>\ngez. Bernd Sobek<\/p>\n<p style=\"text-align: center;\"><em><strong>Norbert Riedel Anlassermotor RBAS\/10, Motor Reparaturen und Verkauf\u00a0 von \u00a0Ersatzteilen und Motoren. Technische Unterlagen, Montageanweisungen.<\/strong><\/em><\/p>\n","protected":false},"excerpt":{"rendered":"<p>Der Riedel Anlasser Motor, der die Triebwerke der Me 262 auf die Startdrehzahl 1200U\/min gebracht hat, stellt f\u00fcr damalige und heutige Zeiten eine einmalig ausgekl\u00fcgelte Konstruktion dar. Die Ausf\u00fchrung des Aluminium Gu\u00dfverfahrens in seiner Qualit\u00e4t gilt f\u00fcr diese Zeit, 1940er Jahre, als sensationell. Als Kfz.-Meister und leidenschaftlicher Motorenmann ist es f\u00fcr mich eine gro\u00dfe Herausforderung &hellip; <\/p>\n<p class=\"link-more\"><a href=\"https:\/\/www.sobek-mattern.de\/\" class=\"more-link\"><span class=\"screen-reader-text\">\u201eRiedel Startermotor \/ Anlassermotor Me 262 Jumo 004\u201c<\/span> weiterlesen<\/a><\/p>\n","protected":false},"author":1,"featured_media":0,"parent":0,"menu_order":0,"comment_status":"closed","ping_status":"open","template":"","meta":{"footnotes":""},"class_list":["post-2","page","type-page","status-publish","hentry"],"_links":{"self":[{"href":"https:\/\/www.sobek-mattern.de\/index.php?rest_route=\/wp\/v2\/pages\/2","targetHints":{"allow":["GET"]}}],"collection":[{"href":"https:\/\/www.sobek-mattern.de\/index.php?rest_route=\/wp\/v2\/pages"}],"about":[{"href":"https:\/\/www.sobek-mattern.de\/index.php?rest_route=\/wp\/v2\/types\/page"}],"author":[{"embeddable":true,"href":"https:\/\/www.sobek-mattern.de\/index.php?rest_route=\/wp\/v2\/users\/1"}],"replies":[{"embeddable":true,"href":"https:\/\/www.sobek-mattern.de\/index.php?rest_route=%2Fwp%2Fv2%2Fcomments&post=2"}],"version-history":[{"count":17,"href":"https:\/\/www.sobek-mattern.de\/index.php?rest_route=\/wp\/v2\/pages\/2\/revisions"}],"predecessor-version":[{"id":219,"href":"https:\/\/www.sobek-mattern.de\/index.php?rest_route=\/wp\/v2\/pages\/2\/revisions\/219"}],"wp:attachment":[{"href":"https:\/\/www.sobek-mattern.de\/index.php?rest_route=%2Fwp%2Fv2%2Fmedia&parent=2"}],"curies":[{"name":"wp","href":"https:\/\/api.w.org\/{rel}","templated":true}]}}