{"id":212,"date":"2018-05-25T10:00:57","date_gmt":"2018-05-25T08:00:57","guid":{"rendered":"http:\/\/www.sobek-mattern.de\/?page_id=212"},"modified":"2018-05-25T10:00:57","modified_gmt":"2018-05-25T08:00:57","slug":"datenschutz","status":"publish","type":"page","link":"https:\/\/www.sobek-mattern.de\/?page_id=212","title":{"rendered":"Datenschutz"},"content":{"rendered":"<h4>Datenschutzerkl\u00e4rung<\/h4>\n<hr \/>\n<h6>Datenschutz<\/h6>\n<p>Die Betreiber dieser Seiten nehmen den Schutz Ihrer pers\u00f6nlichen Daten sehr ernst.<br \/>\nWir behandeln Ihre personenbezogenen Daten vertraulich und entsprechend der gesetzlichen Datenschutzvorschriften sowie dieser Datenschutzerkl\u00e4rung.<br \/>\nDie Nutzung unserer Website ist in der Regel ohne Angabe personenbezogener Daten m\u00f6glich.<br \/>\nSoweit auf unseren Seiten personenbezogene Daten (beispielsweise Name, Anschrift oder E-Mail-Adressen) erhoben werden, erfolgt dies, soweit m\u00f6glich, stets auf freiwilliger Basis.<br \/>\nDiese Daten werden ohne Ihre ausdr\u00fcckliche Zustimmung nicht an Dritte weitergegeben.<br \/>\nWir weisen darauf hin, dass die Daten\u00fcbertragung im Internet (z.B. bei der Kommunikation per E-Mail) Sicherheitsl\u00fccken aufweisen kann.<br \/>\nEin l\u00fcckenloser Schutz der Daten vor dem Zugriff durch Dritte ist nicht m\u00f6glich.<br \/>\nZur Zeit werden jedoch absolut keine Daten auf den Seiten erhoben.<\/p>\n<h6>Cookies<\/h6>\n<p>Die Internetseiten verwenden teilweise so genannte Cookies.<br \/>\nCookies richten auf Ihrem Rechner keinen Schaden an und enthalten keine Viren.<br \/>\nCookies dienen dazu, unser Angebot nutzerfreundlicher, effektiver und sicherer zu machen.<br \/>\nCookies sind kleine Textdateien, die auf Ihrem Rechner abgelegt werden und die Ihr Browser speichert.<br \/>\nDie meisten der von uns verwendeten Cookies sind so genannte \u201eSession-Cookies\u201c.<br \/>\nSie werden nach Ende Ihres Besuchs automatisch gel\u00f6scht.<br \/>\nAndere Cookies bleiben auf Ihrem Endger\u00e4t gespeichert, bis Sie diese l\u00f6schen.<br \/>\nDiese Cookies erm\u00f6glichen es uns, Ihren Browser beim n\u00e4chsten Besuch wiederzuerkennen.<br \/>\nSie k\u00f6nnen Ihren Browser so einstellen, dass Sie \u00fcber das Setzen von Cookies informiert werden und Cookies nur<br \/>\nim Einzelfall erlauben, die Annahme von Cookies f\u00fcr bestimmte F\u00e4lle oder generell ausschlie\u00dfen sowie das<br \/>\nautomatische L\u00f6schen der Cookies beim Schlie\u00dfen des Browser aktivieren.<br \/>\nBei der Deaktivierung von Cookies kann die Funktionalit\u00e4t dieser Website eingeschr\u00e4nkt sein.<\/p>\n<h6>Server-Log-Files<\/h6>\n<p>Der Provider der Seiten erhebt und speichert automatisch Informationen in so genannten ServerLog Files, die Ihr Browser automatisch an uns \u00fcbermittelt.<br \/>\nDies sind: \u2013 Browsertyp und Browserversion \u2013 verwendetes Betriebssystem \u2013 Referrer URL \u2013 Hostname des zugreifenden Rechners \u2013 Uhrzeit der Serveranfrage<br \/>\nDiese Daten sind nicht bestimmten Personen zuordenbar. Eine Zusammenf\u00fchrung dieser Daten mit anderen Datenquellen wird nicht vorgenommen.<br \/>\nWir behalten uns vor, diese Daten nachtr\u00e4glich zu pr\u00fcfen, wenn uns konkrete Anhaltspunkte f\u00fcr eine rechtswidrige Nutzung bekannt werden.<\/p>\n<h6>Kontaktformular<\/h6>\n<p>Ein Kontaktformular wird auf dieser Website nicht angeboten. Kontaktm\u00f6glichkeiten finden Sie auf der Impressum-Seite<\/p>\n<h6>Analyse-Tools<\/h6>\n<p>Die im Folgenden aufgef\u00fchrten und von uns eingesetzten Tracking-Ma\u00dfnahmen werden auf Grundlage des Art. 6 Abs. 1 S. 1 lit. f DSGVO durchgef\u00fchrt.<br \/>\nMit den zum Einsatz kommenden Tracking-Ma\u00dfnahmen wollen wir eine bedarfsgerechte Gestaltung und die fortlaufende Optimierung unserer Webseite sicherstellen.<br \/>\nZum anderen setzen wir die Tracking-Ma\u00dfnahmen ein, um die Nutzung unserer Webseite statistisch zu erfassen und zum Zwecke der Optimierung unseres Angebotes f\u00fcr Sie auszuwerten.<br \/>\nDiese Interessen sind als berechtigt im Sinne der vorgenannten Vorschrift anzusehen.<br \/>\nDie jeweiligen Datenverarbeitungszwecke und Datenkategorien sind aus den entsprechenden Tracking-Tools zu entnehmen.<br \/>\nGoogle Adwords Conversion Tracking<br \/>\nUm die Nutzung unserer Webseite statistisch zu erfassen und zum Zwecke der Optimierung unserer Website f\u00fcr Sie auszuwerten, nutzen wir ferner das Google Conversion Tracking.<br \/>\nDabei wird von Google Adwords ein Cookie (siehe Ziffer 4) auf Ihrem Rechner gesetzt, sofern Sie \u00fcber eine Google-Anzeige auf unsere Webseite gelangt sind.<br \/>\nDiese Cookies verlieren nach 30 Tagen ihre G\u00fcltigkeit und dienen nicht der pers\u00f6nlichen Identifizierung. Besucht der Nutzer bestimmte Seiten der Webseite des Adwords-Kunden und das Cookie ist noch nicht abgelaufen, k\u00f6nnen Google und der Kunde erkennen, dass der Nutzer auf die Anzeige geklickt hat und zu dieser Seite weitergeleitet wurde.<br \/>\nJeder Adwords-Kunde erh\u00e4lt ein anderes Cookie. Cookies k\u00f6nnen somit nicht \u00fcber die Webseiten von Adwords-Kunden nachverfolgt werden. Die mithilfe des Conversion-Cookies eingeholten Informationen dienen dazu, Conversion-Statistiken f\u00fcr AdwordsKunden zu erstellen, die sich f\u00fcr Conversion-Tracking entschieden haben.<br \/>\nDie Adwords-Kunden erfahren die Gesamtanzahl der Nutzer, die auf ihre Anzeige geklickt haben und zu einer mit einem Conversion-Tracking-Tag versehenen Seite weitergeleitet wurden. Sie erhalten jedoch keine Informationen, mit denen sich Nutzer pers\u00f6nlich identifizieren lassen. Wenn Sie nicht an dem Tracking-Verfahren teilnehmen m\u00f6chten,<br \/>\nk\u00f6nnen Sie auch das hierf\u00fcr erforderliche Setzen eines Cookies ablehnen \u2013 etwa per Browser-Einstellung, die das automatische Setzen von Cookies generell deaktiviert.<br \/>\nSie k\u00f6nnen Cookies f\u00fcr Conversion-Tracking auch deaktivieren, indem Sie Ihren Browser so einstellen, dass Cookies von der Domain \u201ewww.googleadservices.com\u201c blockiert werden.<br \/>\nGoogles Datenschutzbelehrung zum ConversionTracking findenSie hier (https:\/\/services.google.com\/sitestats\/de.html).<\/p>\n<h6>Recht auf Auskunft, L\u00f6schung, Sperrung<\/h6>\n<p>Sie haben jederzeit das Recht auf unentgeltliche Auskunft \u00fcber Ihre gespeicherten personenbezogenen Daten,<br \/>\nderen Herkunft und Empf\u00e4nger und den Zweck der Datenverarbeitung sowie ein Recht auf Berichtigung,<br \/>\nSperrung oder L\u00f6schung dieser Daten.<br \/>\nHierzu sowie zu weiteren Fragen zum Thema personenbezogene Daten k\u00f6nnen Sie sich jederzeit unter der im Impressum angegebenen Adresse an uns wenden.<\/p>\n<h6>Widerspruch Werbe-Mails<\/h6>\n<p>Der Nutzung von im Rahmen der Impressumspflicht ver\u00f6ffentlichten Kontaktdaten<br \/>\nzur \u00dcbersendung von nicht ausdr\u00fccklich angeforderter Werbung und Informationsmaterialien wird hiermit widersprochen.<br \/>\nDie Betreiber der Seiten behalten sich ausdr\u00fccklich rechtliche Schritte im Falle der unverlangten Zusendung von Werbeinformationen, etwa durch Spam-E-Mails, vor.<\/p>\n<h6>\u00c4nderung dieser Datenschutzerkl\u00e4rung<\/h6>\n<p>Diese Datenschutzerkl\u00e4rung ist aktuell g\u00fcltig. Durch die Weiterentwicklung unserer Website und Angebote dar\u00fcber oder aufgrund ge\u00e4nderter gesetzlicher beziehungsweise beh\u00f6rdlicher Vorgaben kann es notwendig werden, diese Datenschutzerkl\u00e4rung zu \u00e4ndern. Die jeweils aktuelle Datenschutzerkl\u00e4rung kann jederzeit auf unser er Website von Ihnen abgerufen und ausgedruckt werden. Stand M\u00e4rz 2018<\/p>\n","protected":false},"excerpt":{"rendered":"<p>Datenschutzerkl\u00e4rung Datenschutz Die Betreiber dieser Seiten nehmen den Schutz Ihrer pers\u00f6nlichen Daten sehr ernst. Wir behandeln Ihre personenbezogenen Daten vertraulich und entsprechend der gesetzlichen Datenschutzvorschriften sowie dieser Datenschutzerkl\u00e4rung. Die Nutzung unserer Website ist in der Regel ohne Angabe personenbezogener Daten m\u00f6glich. Soweit auf unseren Seiten personenbezogene Daten (beispielsweise Name, Anschrift oder E-Mail-Adressen) erhoben werden, erfolgt &hellip; <\/p>\n<p class=\"link-more\"><a href=\"https:\/\/www.sobek-mattern.de\/?page_id=212\" class=\"more-link\"><span class=\"screen-reader-text\">\u201eDatenschutz\u201c<\/span> weiterlesen<\/a><\/p>\n","protected":false},"author":1,"featured_media":0,"parent":0,"menu_order":7,"comment_status":"closed","ping_status":"closed","template":"","meta":{"footnotes":""},"class_list":["post-212","page","type-page","status-publish","hentry"],"_links":{"self":[{"href":"https:\/\/www.sobek-mattern.de\/index.php?rest_route=\/wp\/v2\/pages\/212","targetHints":{"allow":["GET"]}}],"collection":[{"href":"https:\/\/www.sobek-mattern.de\/index.php?rest_route=\/wp\/v2\/pages"}],"about":[{"href":"https:\/\/www.sobek-mattern.de\/index.php?rest_route=\/wp\/v2\/types\/page"}],"author":[{"embeddable":true,"href":"https:\/\/www.sobek-mattern.de\/index.php?rest_route=\/wp\/v2\/users\/1"}],"replies":[{"embeddable":true,"href":"https:\/\/www.sobek-mattern.de\/index.php?rest_route=%2Fwp%2Fv2%2Fcomments&post=212"}],"version-history":[{"count":1,"href":"https:\/\/www.sobek-mattern.de\/index.php?rest_route=\/wp\/v2\/pages\/212\/revisions"}],"predecessor-version":[{"id":213,"href":"https:\/\/www.sobek-mattern.de\/index.php?rest_route=\/wp\/v2\/pages\/212\/revisions\/213"}],"wp:attachment":[{"href":"https:\/\/www.sobek-mattern.de\/index.php?rest_route=%2Fwp%2Fv2%2Fmedia&parent=212"}],"curies":[{"name":"wp","href":"https:\/\/api.w.org\/{rel}","templated":true}]}}