{"id":39,"date":"2015-09-11T11:59:46","date_gmt":"2015-09-11T09:59:46","guid":{"rendered":"http:\/\/www.sobek-mattern.de\/?page_id=39"},"modified":"2015-09-11T12:19:27","modified_gmt":"2015-09-11T10:19:27","slug":"impressum","status":"publish","type":"page","link":"https:\/\/www.sobek-mattern.de\/?page_id=39","title":{"rendered":"Impressum"},"content":{"rendered":"<pre><span style=\"font-family: Arial; font-size: small;\">Verantwortlich f\u00fcr den Inhalt dieser Website:\r\n\r\nBernd Sobek \r\nHopfwiesenweg 1\r\n69517 Gorxheimertal \/ Deutschland\r\n\r\n<\/span><span style=\"font-family: Arial; font-size: small;\">Angaben nach dem <\/span><a href=\"http:\/\/www.netlaw.de\/gesetze\/mdstv.htm\" target=\"_blank\"><span style=\"font-family: Arial; font-size: small;\">Staatsvertrag \u00fcber Mediendienste (MDStV)<\/span><\/a><\/pre>\n<p><span style=\"font-family: Arial; font-size: small;\">Inhaltlich Verantwortlicher gem\u00e4\u00df \u00a7 6 Abs. 2 MDStV: Bernd Sobek<br \/>\nBeauftragter f\u00fcr Jugendschutz gem\u00e4\u00df \u00a7 8 Abs. 4 MDStV: Bernd Sobek<br \/>\n<\/span><span style=\"font-family: Arial; font-size: small;\"><br \/>\nHaftung f\u00fcr Links<\/span><span style=\"font-family: Arial; font-size: small;\"><br \/>\nAm 12. Mai 1998 hat das Landgericht Hamburg entschieden, dass man durch die Anbringung eines Links die Inhalte der gelinkten Seite eventuell mit zu verantworten hat. (<\/span><a href=\"http:\/\/www.braunschweig.ihk.de\/lire.htm\" target=\"_blank\"><span style=\"font-family: Arial; font-size: small;\">LG Hamburg 312 O 85\/98 &#8211; Haftung f\u00fcr Links<\/span><\/a><span style=\"font-family: Arial; font-size: small;\">)<br \/>\nTrotz sorgf\u00e4ltiger inhaltlicher Kontrolle bei der Einrichtung externer Links ist eine st\u00e4ndige umfassende weitere Kontrolle auf ver\u00e4nderte Inhalte nicht m\u00f6glich. Da Bernd Sobek keinen Einfluss auf die Inhalte der verlinkten Seiten hat, distanziert sich Bernd Sobek ausdr\u00fccklich von diesen Inhalten, macht sich diese Inhalte nicht zu eigen und kann keine Haftung daf\u00fcr \u00fcbernehmen. Das Folgen von Links zu anderen Seiten au\u00dferhalb dieser Website, geschieht auf eigene Gefahr und Verantwortung. F\u00fcr den Inhalt der verlinkten Seiten sind ausschlie\u00dflich deren Betreiber verantwortlich.<\/span><\/p>\n<p><span style=\"font-size: small;\">\u00a0<\/span><span style=\"font-family: Arial; font-size: small;\">Des Weiteren \u00fcbernimmt Bernd Sobek keine Haftung f\u00fcr die Richtigkeit, Wahrheit und Aktualit\u00e4t des verlinkten Text- und Bildmaterials, sowie f\u00fcr Sch\u00e4den, die durch das Herunterladen, Installieren oder Verwenden der verlinkten Informationen und Software entstehen.<\/span><\/p>\n<h2><span style=\"font-family: Arial; font-size: small;\">Copyright<\/span><\/h2>\n<p><span style=\"font-family: Arial; font-size: small;\">F\u00fcr alle Seiten dieser Website liegt das Copyright bei Bernd Sobek\u00a0<i>oder<\/i> es liegt die ausdr\u00fcckliche Zustimmung des Copyright-Inhabers vor <i>oder<\/i> dieser war trotz aller Bem\u00fchungen nicht auffindbar. Berechtigten Copyrightanspr\u00fcchen wird sofort entsprochen. Texte und Bilder d\u00fcrfen nicht ohne ausdr\u00fcckliche Zustimmung von Bernd Sobek oder des jeweiligen Copyright-Inhabers genutzt und\/oder weiterverwendet werden.<\/span><\/p>\n<p><span style=\"font-family: Arial; font-size: small;\">Zitate in \u00fcblicher Form sind zul\u00e4ssig.<\/span><\/p>\n<p><span style=\"font-family: Arial; font-size: small;\">Links auf diese Website sind erw\u00fcnscht.<\/span><\/p>\n","protected":false},"excerpt":{"rendered":"<p>Verantwortlich f\u00fcr den Inhalt dieser Website: Bernd Sobek Hopfwiesenweg 1 69517 Gorxheimertal \/ Deutschland Angaben nach dem Staatsvertrag \u00fcber Mediendienste (MDStV) Inhaltlich Verantwortlicher gem\u00e4\u00df \u00a7 6 Abs. 2 MDStV: Bernd Sobek Beauftragter f\u00fcr Jugendschutz gem\u00e4\u00df \u00a7 8 Abs. 4 MDStV: Bernd Sobek Haftung f\u00fcr Links Am 12. Mai 1998 hat das Landgericht Hamburg entschieden, dass &hellip; <\/p>\n<p class=\"link-more\"><a href=\"https:\/\/www.sobek-mattern.de\/?page_id=39\" class=\"more-link\"><span class=\"screen-reader-text\">\u201eImpressum\u201c<\/span> weiterlesen<\/a><\/p>\n","protected":false},"author":1,"featured_media":0,"parent":0,"menu_order":7,"comment_status":"closed","ping_status":"closed","template":"","meta":{"footnotes":""},"class_list":["post-39","page","type-page","status-publish","hentry"],"_links":{"self":[{"href":"https:\/\/www.sobek-mattern.de\/index.php?rest_route=\/wp\/v2\/pages\/39","targetHints":{"allow":["GET"]}}],"collection":[{"href":"https:\/\/www.sobek-mattern.de\/index.php?rest_route=\/wp\/v2\/pages"}],"about":[{"href":"https:\/\/www.sobek-mattern.de\/index.php?rest_route=\/wp\/v2\/types\/page"}],"author":[{"embeddable":true,"href":"https:\/\/www.sobek-mattern.de\/index.php?rest_route=\/wp\/v2\/users\/1"}],"replies":[{"embeddable":true,"href":"https:\/\/www.sobek-mattern.de\/index.php?rest_route=%2Fwp%2Fv2%2Fcomments&post=39"}],"version-history":[{"count":2,"href":"https:\/\/www.sobek-mattern.de\/index.php?rest_route=\/wp\/v2\/pages\/39\/revisions"}],"predecessor-version":[{"id":53,"href":"https:\/\/www.sobek-mattern.de\/index.php?rest_route=\/wp\/v2\/pages\/39\/revisions\/53"}],"wp:attachment":[{"href":"https:\/\/www.sobek-mattern.de\/index.php?rest_route=%2Fwp%2Fv2%2Fmedia&parent=39"}],"curies":[{"name":"wp","href":"https:\/\/api.w.org\/{rel}","templated":true}]}}